{"id":496,"date":"2024-08-21T00:52:51","date_gmt":"2024-08-21T00:52:51","guid":{"rendered":"https:\/\/pciu.ufms.br\/?page_id=496"},"modified":"2024-08-21T01:00:56","modified_gmt":"2024-08-21T01:00:56","slug":"informacoes-locais","status":"publish","type":"page","link":"https:\/\/pciu.ufms.br\/en\/informacoes-locais\/","title":{"rendered":"(Portugu\u00eas do Brasil) Informa\u00e7\u00f5es Locais"},"content":{"rendered":"\t\t<div data-elementor-type=\"wp-page\" data-elementor-id=\"496\" class=\"elementor elementor-496\">\n\t\t\t\t<div class=\"elementor-element elementor-element-0f2c34b e-flex e-con-boxed e-con e-parent\" data-id=\"0f2c34b\" data-element_type=\"container\">\n\t\t\t\t\t<div class=\"e-con-inner\">\n\t\t\t\t<div class=\"elementor-element elementor-element-07dd3a1 elementor-widget elementor-widget-text-editor\" data-id=\"07dd3a1\" data-element_type=\"widget\" data-widget_type=\"text-editor.default\">\n\t\t\t\t<div class=\"elementor-widget-container\">\n\t\t\t\t\t\t\t\t\t<p><span style=\"font-size: 14pt;color: #000000;font-family: georgia, palatino, serif\">O IV CIMUCI acontecer\u00e1 nas depend\u00eancias do Curso de M\u00fasica da UFMS, blocos 22 e 23, setor 3 (entrada pela port\u00e3o 4, Lago do Amor).<\/span><\/p>\t\t\t\t\t\t\t\t<\/div>\n\t\t\t\t<\/div>\n\t\t\t\t<div class=\"elementor-element elementor-element-3e24521 elementor-widget elementor-widget-google_maps\" data-id=\"3e24521\" data-element_type=\"widget\" data-widget_type=\"google_maps.default\">\n\t\t\t\t<div class=\"elementor-widget-container\">\n\t\t\t\t\t\t\t<div class=\"elementor-custom-embed\">\n\t\t\t<iframe loading=\"lazy\"\n\t\t\t\t\tsrc=\"https:\/\/maps.google.com\/maps?q=%20Av.%20Sen.%20Filinto%20M%C3%BCler%2C%201555%20-%20Vila%20Ipiranga%2C%20Campo%20Grande%20-%20MS&#038;t=m&#038;z=10&#038;output=embed&#038;iwloc=near\"\n\t\t\t\t\ttitle=\" Av. Sen. Filinto M\u00fcler, 1555 - Vila Ipiranga, Campo Grande - MS\"\n\t\t\t\t\taria-label=\" Av. Sen. Filinto M\u00fcler, 1555 - Vila Ipiranga, Campo Grande - MS\"\n\t\t\t><\/iframe>\n\t\t<\/div>\n\t\t\t\t\t\t<\/div>\n\t\t\t\t<\/div>\n\t\t\t\t\t<\/div>\n\t\t\t\t<\/div>\n\t\t\t\t<\/div>\n\t\t","protected":false},"excerpt":{"rendered":"<p>O IV CIMUCI acontecer\u00e1 nas depend\u00eancias do Curso de M\u00fasica da UFMS, blocos 22 e 23, setor 3 (entrada pela port\u00e3o 4, Lago do Amor). \/*! elementor &#8211; v3.19.0 &#8211; 28-02-2024 *\/ .elementor-widget-google_maps .elementor-widget-container{overflow:hidden}.elementor-widget-google_maps .elementor-custom-embed{line-height:0}.elementor-widget-google_maps iframe{height:300px}<\/p>\n","protected":false},"author":55217,"featured_media":0,"parent":0,"menu_order":0,"comment_status":"closed","ping_status":"closed","template":"","meta":{"footnotes":""},"coauthors":[],"class_list":["post-496","page","type-page","status-publish","hentry"],"_links":{"self":[{"href":"https:\/\/pciu.ufms.br\/en\/wp-json\/wp\/v2\/pages\/496","targetHints":{"allow":["GET"]}}],"collection":[{"href":"https:\/\/pciu.ufms.br\/en\/wp-json\/wp\/v2\/pages"}],"about":[{"href":"https:\/\/pciu.ufms.br\/en\/wp-json\/wp\/v2\/types\/page"}],"author":[{"embeddable":true,"href":"https:\/\/pciu.ufms.br\/en\/wp-json\/wp\/v2\/users\/55217"}],"replies":[{"embeddable":true,"href":"https:\/\/pciu.ufms.br\/en\/wp-json\/wp\/v2\/comments?post=496"}],"version-history":[{"count":4,"href":"https:\/\/pciu.ufms.br\/en\/wp-json\/wp\/v2\/pages\/496\/revisions"}],"predecessor-version":[{"id":502,"href":"https:\/\/pciu.ufms.br\/en\/wp-json\/wp\/v2\/pages\/496\/revisions\/502"}],"wp:attachment":[{"href":"https:\/\/pciu.ufms.br\/en\/wp-json\/wp\/v2\/media?parent=496"}],"wp:term":[{"taxonomy":"author","embeddable":true,"href":"https:\/\/pciu.ufms.br\/en\/wp-json\/wp\/v2\/coauthors?post=496"}],"curies":[{"name":"wp","href":"https:\/\/api.w.org\/{rel}","templated":true}]}}