{"id":232,"date":"2024-07-25T00:21:35","date_gmt":"2024-07-25T00:21:35","guid":{"rendered":"https:\/\/pciu.ufms.br\/?page_id=232"},"modified":"2024-08-10T16:36:48","modified_gmt":"2024-08-10T16:36:48","slug":"programacao","status":"publish","type":"page","link":"https:\/\/pciu.ufms.br\/en\/programacao\/","title":{"rendered":"(Portugu\u00eas do Brasil) Programa\u00e7\u00e3o"},"content":{"rendered":"\t\t<div data-elementor-type=\"wp-page\" data-elementor-id=\"232\" class=\"elementor elementor-232\">\n\t\t\t\t<div class=\"elementor-element elementor-element-643f85d e-flex e-con-boxed e-con e-parent\" data-id=\"643f85d\" data-element_type=\"container\">\n\t\t\t\t\t<div class=\"e-con-inner\">\n\t\t\t\t<div class=\"elementor-element elementor-element-34d15d9 elementor-widget elementor-widget-heading\" data-id=\"34d15d9\" data-element_type=\"widget\" data-widget_type=\"heading.default\">\n\t\t\t\t<div class=\"elementor-widget-container\">\n\t\t\t\t\t<h1 class=\"elementor-heading-title elementor-size-default\">Programa\u00e7\u00e3o<\/h1>\t\t\t\t<\/div>\n\t\t\t\t<\/div>\n\t\t\t\t\t<\/div>\n\t\t\t\t<\/div>\n\t\t<div class=\"elementor-element elementor-element-f5544d7 e-flex e-con-boxed e-con e-parent\" data-id=\"f5544d7\" data-element_type=\"container\">\n\t\t\t\t\t<div class=\"e-con-inner\">\n\t\t<div class=\"elementor-element elementor-element-add5a60 e-con-full e-flex e-con e-child\" data-id=\"add5a60\" data-element_type=\"container\">\n\t\t\t\t<div class=\"elementor-element elementor-element-fcd7e45 elementor-widget elementor-widget-image\" data-id=\"fcd7e45\" data-element_type=\"widget\" data-widget_type=\"image.default\">\n\t\t\t\t<div class=\"elementor-widget-container\">\n\t\t\t\t\t\t\t\t\t\t\t\t\t\t\t<img fetchpriority=\"high\" decoding=\"async\" width=\"1024\" height=\"1024\" src=\"https:\/\/pciu.ufms.br\/files\/2024\/08\/WhatsApp-Image-2024-08-08-at-23.58.42-1024x1024.jpeg\" class=\"attachment-large size-large wp-image-261\" alt=\"\" srcset=\"https:\/\/pciu.ufms.br\/files\/2024\/08\/WhatsApp-Image-2024-08-08-at-23.58.42-1024x1024.jpeg 1024w, https:\/\/pciu.ufms.br\/files\/2024\/08\/WhatsApp-Image-2024-08-08-at-23.58.42-300x300.jpeg 300w, https:\/\/pciu.ufms.br\/files\/2024\/08\/WhatsApp-Image-2024-08-08-at-23.58.42-150x150.jpeg 150w, https:\/\/pciu.ufms.br\/files\/2024\/08\/WhatsApp-Image-2024-08-08-at-23.58.42-768x768.jpeg 768w, https:\/\/pciu.ufms.br\/files\/2024\/08\/WhatsApp-Image-2024-08-08-at-23.58.42-320x320.jpeg 320w, https:\/\/pciu.ufms.br\/files\/2024\/08\/WhatsApp-Image-2024-08-08-at-23.58.42.jpeg 1280w\" sizes=\"(max-width: 1024px) 100vw, 1024px\" \/>\t\t\t\t\t\t\t\t\t\t\t\t\t\t\t<\/div>\n\t\t\t\t<\/div>\n\t\t\t\t<\/div>\n\t\t<div class=\"elementor-element elementor-element-10ecbc9 e-con-full e-flex e-con e-child\" data-id=\"10ecbc9\" data-element_type=\"container\">\n\t\t\t\t<div class=\"elementor-element elementor-element-f4cc3b0 elementor-widget elementor-widget-image\" data-id=\"f4cc3b0\" data-element_type=\"widget\" data-widget_type=\"image.default\">\n\t\t\t\t<div class=\"elementor-widget-container\">\n\t\t\t\t\t\t\t\t\t\t\t\t\t\t\t<img decoding=\"async\" width=\"1024\" height=\"1024\" src=\"https:\/\/pciu.ufms.br\/files\/2024\/08\/WhatsApp-Image-2024-08-08-at-23.58.42-1-1024x1024.jpeg\" class=\"attachment-large size-large wp-image-260\" alt=\"\" srcset=\"https:\/\/pciu.ufms.br\/files\/2024\/08\/WhatsApp-Image-2024-08-08-at-23.58.42-1-1024x1024.jpeg 1024w, https:\/\/pciu.ufms.br\/files\/2024\/08\/WhatsApp-Image-2024-08-08-at-23.58.42-1-300x300.jpeg 300w, https:\/\/pciu.ufms.br\/files\/2024\/08\/WhatsApp-Image-2024-08-08-at-23.58.42-1-150x150.jpeg 150w, https:\/\/pciu.ufms.br\/files\/2024\/08\/WhatsApp-Image-2024-08-08-at-23.58.42-1-768x768.jpeg 768w, https:\/\/pciu.ufms.br\/files\/2024\/08\/WhatsApp-Image-2024-08-08-at-23.58.42-1-320x320.jpeg 320w, https:\/\/pciu.ufms.br\/files\/2024\/08\/WhatsApp-Image-2024-08-08-at-23.58.42-1.jpeg 1280w\" sizes=\"(max-width: 1024px) 100vw, 1024px\" \/>\t\t\t\t\t\t\t\t\t\t\t\t\t\t\t<\/div>\n\t\t\t\t<\/div>\n\t\t\t\t<\/div>\n\t\t\t\t\t<\/div>\n\t\t\t\t<\/div>\n\t\t<div class=\"elementor-element elementor-element-da5dfe6 e-flex e-con-boxed e-con e-parent\" data-id=\"da5dfe6\" data-element_type=\"container\">\n\t\t\t\t\t<div class=\"e-con-inner\">\n\t\t<div class=\"elementor-element elementor-element-5050ee7 e-con-full e-flex e-con e-child\" data-id=\"5050ee7\" data-element_type=\"container\">\n\t\t\t\t<div class=\"elementor-element elementor-element-6c12430 elementor-widget elementor-widget-image\" data-id=\"6c12430\" data-element_type=\"widget\" data-widget_type=\"image.default\">\n\t\t\t\t<div class=\"elementor-widget-container\">\n\t\t\t\t\t\t\t\t\t\t\t\t\t\t\t<img decoding=\"async\" width=\"1024\" height=\"1024\" src=\"https:\/\/pciu.ufms.br\/files\/2024\/08\/WhatsApp-Image-2024-08-08-at-23.58.43-1024x1024.jpeg\" class=\"attachment-large size-large wp-image-259\" alt=\"\" srcset=\"https:\/\/pciu.ufms.br\/files\/2024\/08\/WhatsApp-Image-2024-08-08-at-23.58.43-1024x1024.jpeg 1024w, https:\/\/pciu.ufms.br\/files\/2024\/08\/WhatsApp-Image-2024-08-08-at-23.58.43-300x300.jpeg 300w, https:\/\/pciu.ufms.br\/files\/2024\/08\/WhatsApp-Image-2024-08-08-at-23.58.43-150x150.jpeg 150w, https:\/\/pciu.ufms.br\/files\/2024\/08\/WhatsApp-Image-2024-08-08-at-23.58.43-768x768.jpeg 768w, https:\/\/pciu.ufms.br\/files\/2024\/08\/WhatsApp-Image-2024-08-08-at-23.58.43-320x320.jpeg 320w, https:\/\/pciu.ufms.br\/files\/2024\/08\/WhatsApp-Image-2024-08-08-at-23.58.43.jpeg 1280w\" sizes=\"(max-width: 1024px) 100vw, 1024px\" \/>\t\t\t\t\t\t\t\t\t\t\t\t\t\t\t<\/div>\n\t\t\t\t<\/div>\n\t\t\t\t<\/div>\n\t\t<div class=\"elementor-element elementor-element-d32930b e-con-full e-flex e-con e-child\" data-id=\"d32930b\" data-element_type=\"container\">\n\t\t\t\t<div class=\"elementor-element elementor-element-492679d elementor-widget elementor-widget-image\" data-id=\"492679d\" data-element_type=\"widget\" data-widget_type=\"image.default\">\n\t\t\t\t<div class=\"elementor-widget-container\">\n\t\t\t\t\t\t\t\t\t\t\t\t\t\t\t<img loading=\"lazy\" decoding=\"async\" width=\"1024\" height=\"1024\" src=\"https:\/\/pciu.ufms.br\/files\/2024\/08\/WhatsApp-Image-2024-08-08-at-23.58.43-1-1024x1024.jpeg\" class=\"attachment-large size-large wp-image-258\" alt=\"\" srcset=\"https:\/\/pciu.ufms.br\/files\/2024\/08\/WhatsApp-Image-2024-08-08-at-23.58.43-1-1024x1024.jpeg 1024w, https:\/\/pciu.ufms.br\/files\/2024\/08\/WhatsApp-Image-2024-08-08-at-23.58.43-1-300x300.jpeg 300w, https:\/\/pciu.ufms.br\/files\/2024\/08\/WhatsApp-Image-2024-08-08-at-23.58.43-1-150x150.jpeg 150w, https:\/\/pciu.ufms.br\/files\/2024\/08\/WhatsApp-Image-2024-08-08-at-23.58.43-1-768x768.jpeg 768w, https:\/\/pciu.ufms.br\/files\/2024\/08\/WhatsApp-Image-2024-08-08-at-23.58.43-1-320x320.jpeg 320w, https:\/\/pciu.ufms.br\/files\/2024\/08\/WhatsApp-Image-2024-08-08-at-23.58.43-1.jpeg 1280w\" sizes=\"(max-width: 1024px) 100vw, 1024px\" \/>\t\t\t\t\t\t\t\t\t\t\t\t\t\t\t<\/div>\n\t\t\t\t<\/div>\n\t\t\t\t<\/div>\n\t\t\t\t\t<\/div>\n\t\t\t\t<\/div>\n\t\t\t\t<\/div>\n\t\t","protected":false},"excerpt":{"rendered":"<p>\/*! elementor &#8211; v3.19.0 &#8211; 28-02-2024 *\/ .elementor-heading-title{padding:0;margin:0;line-height:1}.elementor-widget-heading .elementor-heading-title[class*=elementor-size-]&gt;a{color:inherit;font-size:inherit;line-height:inherit}.elementor-widget-heading .elementor-heading-title.elementor-size-small{font-size:15px}.elementor-widget-heading .elementor-heading-title.elementor-size-medium{font-size:19px}.elementor-widget-heading .elementor-heading-title.elementor-size-large{font-size:29px}.elementor-widget-heading .elementor-heading-title.elementor-size-xl{font-size:39px}.elementor-widget-heading .elementor-heading-title.elementor-size-xxl{font-size:59px} Programa\u00e7\u00e3o \/*! elementor &#8211; v3.19.0 &#8211; 28-02-2024 *\/ .elementor-widget-image{text-align:center}.elementor-widget-image a{display:inline-block}.elementor-widget-image a img[src$=&#8221;.svg&#8221;]{width:48px}.elementor-widget-image img{vertical-align:middle;display:inline-block}<\/p>\n","protected":false},"author":55217,"featured_media":0,"parent":0,"menu_order":0,"comment_status":"closed","ping_status":"closed","template":"elementor_header_footer","meta":{"footnotes":""},"coauthors":[],"class_list":["post-232","page","type-page","status-publish","hentry"],"_links":{"self":[{"href":"https:\/\/pciu.ufms.br\/en\/wp-json\/wp\/v2\/pages\/232","targetHints":{"allow":["GET"]}}],"collection":[{"href":"https:\/\/pciu.ufms.br\/en\/wp-json\/wp\/v2\/pages"}],"about":[{"href":"https:\/\/pciu.ufms.br\/en\/wp-json\/wp\/v2\/types\/page"}],"author":[{"embeddable":true,"href":"https:\/\/pciu.ufms.br\/en\/wp-json\/wp\/v2\/users\/55217"}],"replies":[{"embeddable":true,"href":"https:\/\/pciu.ufms.br\/en\/wp-json\/wp\/v2\/comments?post=232"}],"version-history":[{"count":7,"href":"https:\/\/pciu.ufms.br\/en\/wp-json\/wp\/v2\/pages\/232\/revisions"}],"predecessor-version":[{"id":264,"href":"https:\/\/pciu.ufms.br\/en\/wp-json\/wp\/v2\/pages\/232\/revisions\/264"}],"wp:attachment":[{"href":"https:\/\/pciu.ufms.br\/en\/wp-json\/wp\/v2\/media?parent=232"}],"wp:term":[{"taxonomy":"author","embeddable":true,"href":"https:\/\/pciu.ufms.br\/en\/wp-json\/wp\/v2\/coauthors?post=232"}],"curies":[{"name":"wp","href":"https:\/\/api.w.org\/{rel}","templated":true}]}}