{"id":227,"date":"2024-07-23T23:41:50","date_gmt":"2024-07-23T23:41:50","guid":{"rendered":"https:\/\/pciu.ufms.br\/?page_id=227"},"modified":"2025-08-20T01:48:23","modified_gmt":"2025-08-20T01:48:23","slug":"iv-cimuci","status":"publish","type":"page","link":"https:\/\/pciu.ufms.br\/en\/iv-cimuci\/","title":{"rendered":"(Portugu\u00eas do Brasil) IV CIMUCI"},"content":{"rendered":"\t\t<div data-elementor-type=\"wp-page\" data-elementor-id=\"227\" class=\"elementor elementor-227\">\n\t\t\t\t<div class=\"elementor-element elementor-element-9ed4511 e-flex e-con-boxed e-con e-parent\" data-id=\"9ed4511\" data-element_type=\"container\">\n\t\t\t\t\t<div class=\"e-con-inner\">\n\t\t\t\t<div class=\"elementor-element elementor-element-9abcc8f elementor-widget elementor-widget-image\" data-id=\"9abcc8f\" data-element_type=\"widget\" data-widget_type=\"image.default\">\n\t\t\t\t<div class=\"elementor-widget-container\">\n\t\t\t\t\t\t\t\t\t\t\t\t\t\t\t<img fetchpriority=\"high\" decoding=\"async\" width=\"1024\" height=\"379\" src=\"https:\/\/pciu.ufms.br\/files\/2024\/07\/Logo-IV-CIMUCI-1024x379.jpg\" class=\"attachment-large size-large wp-image-242\" alt=\"\" srcset=\"https:\/\/pciu.ufms.br\/files\/2024\/07\/Logo-IV-CIMUCI-1024x379.jpg 1024w, https:\/\/pciu.ufms.br\/files\/2024\/07\/Logo-IV-CIMUCI-300x111.jpg 300w, https:\/\/pciu.ufms.br\/files\/2024\/07\/Logo-IV-CIMUCI-768x285.jpg 768w, https:\/\/pciu.ufms.br\/files\/2024\/07\/Logo-IV-CIMUCI-1536x569.jpg 1536w, https:\/\/pciu.ufms.br\/files\/2024\/07\/Logo-IV-CIMUCI-730x271.jpg 730w, https:\/\/pciu.ufms.br\/files\/2024\/07\/Logo-IV-CIMUCI.jpg 1854w\" sizes=\"(max-width: 1024px) 100vw, 1024px\" \/>\t\t\t\t\t\t\t\t\t\t\t\t\t\t\t<\/div>\n\t\t\t\t<\/div>\n\t\t\t\t\t<\/div>\n\t\t\t\t<\/div>\n\t\t<div class=\"elementor-element elementor-element-4a006fb e-flex e-con-boxed e-con e-parent\" data-id=\"4a006fb\" data-element_type=\"container\">\n\t\t\t\t\t<div class=\"e-con-inner\">\n\t\t<div class=\"elementor-element elementor-element-37aca89 e-con-full e-flex e-con e-child\" data-id=\"37aca89\" data-element_type=\"container\">\n\t\t\t\t<div class=\"elementor-element elementor-element-4e96925 elementor-widget__width-initial elementor-arrows-position-inside elementor-pagination-position-outside elementor-widget elementor-widget-image-carousel\" data-id=\"4e96925\" data-element_type=\"widget\" data-settings=\"{&quot;slides_to_show&quot;:&quot;1&quot;,&quot;navigation&quot;:&quot;both&quot;,&quot;autoplay&quot;:&quot;yes&quot;,&quot;pause_on_hover&quot;:&quot;yes&quot;,&quot;pause_on_interaction&quot;:&quot;yes&quot;,&quot;autoplay_speed&quot;:5000,&quot;infinite&quot;:&quot;yes&quot;,&quot;effect&quot;:&quot;slide&quot;,&quot;speed&quot;:500}\" data-widget_type=\"image-carousel.default\">\n\t\t\t\t<div class=\"elementor-widget-container\">\n\t\t\t\t\t\t\t<div class=\"elementor-image-carousel-wrapper swiper\" role=\"region\" aria-roledescription=\"carousel\" aria-label=\"Carrossel de imagens\" dir=\"ltr\">\n\t\t\t<div class=\"elementor-image-carousel swiper-wrapper\" aria-live=\"off\">\n\t\t\t\t\t\t\t\t<div class=\"swiper-slide\" role=\"group\" aria-roledescription=\"slide\" aria-label=\"1 of 16\"><figure class=\"swiper-slide-inner\"><img decoding=\"async\" class=\"swiper-slide-image\" src=\"https:\/\/pciu.ufms.br\/files\/2024\/08\/WhatsApp-Image-2024-08-12-at-18.10.39-768x576.jpeg\" alt=\"WhatsApp Image 2024-08-12 at 18.10.39\" \/><\/figure><\/div><div class=\"swiper-slide\" role=\"group\" aria-roledescription=\"slide\" aria-label=\"2 of 16\"><figure class=\"swiper-slide-inner\"><img decoding=\"async\" class=\"swiper-slide-image\" src=\"https:\/\/pciu.ufms.br\/files\/2024\/08\/IMG-20211013-WA0006-768x576.jpg\" alt=\"IMG-20211013-WA0006\" \/><\/figure><\/div><div class=\"swiper-slide\" role=\"group\" aria-roledescription=\"slide\" aria-label=\"3 of 16\"><figure class=\"swiper-slide-inner\"><img decoding=\"async\" class=\"swiper-slide-image\" src=\"https:\/\/pciu.ufms.br\/files\/2024\/08\/20211016_202503-768x432.jpg\" alt=\"20211016_202503\" \/><\/figure><\/div><div class=\"swiper-slide\" role=\"group\" aria-roledescription=\"slide\" aria-label=\"4 of 16\"><figure class=\"swiper-slide-inner\"><img decoding=\"async\" class=\"swiper-slide-image\" src=\"https:\/\/pciu.ufms.br\/files\/2024\/08\/IMG-20211015-WA0032-768x576.jpg\" alt=\"IMG-20211015-WA0032\" \/><\/figure><\/div><div class=\"swiper-slide\" role=\"group\" aria-roledescription=\"slide\" aria-label=\"5 of 16\"><figure class=\"swiper-slide-inner\"><img decoding=\"async\" class=\"swiper-slide-image\" src=\"https:\/\/pciu.ufms.br\/files\/2024\/08\/IMG-20211016-WA0064-768x576.jpg\" alt=\"IMG-20211016-WA0064\" \/><\/figure><\/div><div class=\"swiper-slide\" role=\"group\" aria-roledescription=\"slide\" aria-label=\"6 of 16\"><figure class=\"swiper-slide-inner\"><img decoding=\"async\" class=\"swiper-slide-image\" src=\"https:\/\/pciu.ufms.br\/files\/2024\/08\/IMG-20211016-WA0069-768x576.jpg\" alt=\"IMG-20211016-WA0069\" \/><\/figure><\/div><div class=\"swiper-slide\" role=\"group\" aria-roledescription=\"slide\" aria-label=\"7 of 16\"><figure class=\"swiper-slide-inner\"><img decoding=\"async\" class=\"swiper-slide-image\" src=\"https:\/\/pciu.ufms.br\/files\/2024\/08\/IMG-20221012-WA0032-768x432.jpg\" alt=\"IMG-20221012-WA0032\" \/><\/figure><\/div><div class=\"swiper-slide\" role=\"group\" aria-roledescription=\"slide\" aria-label=\"8 of 16\"><figure class=\"swiper-slide-inner\"><img decoding=\"async\" class=\"swiper-slide-image\" src=\"https:\/\/pciu.ufms.br\/files\/2024\/08\/IMG-20221012-WA0051-768x576.jpg\" alt=\"IMG-20221012-WA0051\" \/><\/figure><\/div><div class=\"swiper-slide\" role=\"group\" aria-roledescription=\"slide\" aria-label=\"9 of 16\"><figure class=\"swiper-slide-inner\"><img decoding=\"async\" class=\"swiper-slide-image\" src=\"https:\/\/pciu.ufms.br\/files\/2024\/08\/IMG-20221012-WA0066-768x576.jpg\" alt=\"IMG-20221012-WA0066\" \/><\/figure><\/div><div class=\"swiper-slide\" role=\"group\" aria-roledescription=\"slide\" aria-label=\"10 of 16\"><figure class=\"swiper-slide-inner\"><img decoding=\"async\" class=\"swiper-slide-image\" src=\"https:\/\/pciu.ufms.br\/files\/2024\/08\/IMG-20221015-WA0033-768x576.jpg\" alt=\"IMG-20221015-WA0033\" \/><\/figure><\/div><div class=\"swiper-slide\" role=\"group\" aria-roledescription=\"slide\" aria-label=\"11 of 16\"><figure class=\"swiper-slide-inner\"><img decoding=\"async\" class=\"swiper-slide-image\" src=\"https:\/\/pciu.ufms.br\/files\/2024\/08\/IMG-20221015-WA0045-768x364.jpg\" alt=\"IMG-20221015-WA0045\" \/><\/figure><\/div><div class=\"swiper-slide\" role=\"group\" aria-roledescription=\"slide\" aria-label=\"12 of 16\"><figure class=\"swiper-slide-inner\"><img decoding=\"async\" class=\"swiper-slide-image\" src=\"https:\/\/pciu.ufms.br\/files\/2024\/08\/IMG-20221015-WA0054-768x576.jpg\" alt=\"IMG-20221015-WA0054\" \/><\/figure><\/div><div class=\"swiper-slide\" role=\"group\" aria-roledescription=\"slide\" aria-label=\"13 of 16\"><figure class=\"swiper-slide-inner\"><img decoding=\"async\" class=\"swiper-slide-image\" src=\"https:\/\/pciu.ufms.br\/files\/2024\/08\/IMG-20221015-WA0142-768x576.jpg\" alt=\"IMG-20221015-WA0142\" \/><\/figure><\/div><div class=\"swiper-slide\" role=\"group\" aria-roledescription=\"slide\" aria-label=\"14 of 16\"><figure class=\"swiper-slide-inner\"><img decoding=\"async\" class=\"swiper-slide-image\" src=\"https:\/\/pciu.ufms.br\/files\/2024\/08\/IMG-20221016-WA0018-768x355.jpg\" alt=\"IMG-20221016-WA0018\" \/><\/figure><\/div><div class=\"swiper-slide\" role=\"group\" aria-roledescription=\"slide\" aria-label=\"15 of 16\"><figure class=\"swiper-slide-inner\"><img decoding=\"async\" class=\"swiper-slide-image\" src=\"https:\/\/pciu.ufms.br\/files\/2024\/08\/IMG-20201017-WA0073-768x432.jpg\" alt=\"IMG-20201017-WA0073\" \/><\/figure><\/div><div class=\"swiper-slide\" role=\"group\" aria-roledescription=\"slide\" aria-label=\"16 of 16\"><figure class=\"swiper-slide-inner\"><img decoding=\"async\" class=\"swiper-slide-image\" src=\"https:\/\/pciu.ufms.br\/files\/2024\/08\/IMG-20201030-WA0027-768x431.jpg\" alt=\"IMG-20201030-WA0027\" \/><\/figure><\/div>\t\t\t<\/div>\n\t\t\t\t\t\t\t\t\t\t\t\t<div class=\"elementor-swiper-button elementor-swiper-button-prev\" role=\"button\" tabindex=\"0\">\n\t\t\t\t\t\t<svg aria-hidden=\"true\" class=\"e-font-icon-svg e-eicon-chevron-left\" viewBox=\"0 0 1000 1000\" xmlns=\"http:\/\/www.w3.org\/2000\/svg\"><path d=\"M646 125C629 125 613 133 604 142L308 442C296 454 292 471 292 487 292 504 296 521 308 533L604 854C617 867 629 875 646 875 663 875 679 871 692 858 704 846 713 829 713 812 713 796 708 779 692 767L438 487 692 225C700 217 708 204 708 187 708 171 704 154 692 142 675 129 663 125 646 125Z\"><\/path><\/svg>\t\t\t\t\t<\/div>\n\t\t\t\t\t<div class=\"elementor-swiper-button elementor-swiper-button-next\" role=\"button\" tabindex=\"0\">\n\t\t\t\t\t\t<svg aria-hidden=\"true\" class=\"e-font-icon-svg e-eicon-chevron-right\" viewBox=\"0 0 1000 1000\" xmlns=\"http:\/\/www.w3.org\/2000\/svg\"><path d=\"M696 533C708 521 713 504 713 487 713 471 708 454 696 446L400 146C388 133 375 125 354 125 338 125 325 129 313 142 300 154 292 171 292 187 292 204 296 221 308 233L563 492 304 771C292 783 288 800 288 817 288 833 296 850 308 863 321 871 338 875 354 875 371 875 388 867 400 854L696 533Z\"><\/path><\/svg>\t\t\t\t\t<\/div>\n\t\t\t\t\n\t\t\t\t\t\t\t\t\t<div class=\"swiper-pagination\"><\/div>\n\t\t\t\t\t\t\t\t\t<\/div>\n\t\t\t\t\t\t<\/div>\n\t\t\t\t<\/div>\n\t\t\t\t<\/div>\n\t\t\t\t\t<\/div>\n\t\t\t\t<\/div>\n\t\t<div class=\"elementor-element elementor-element-4ce19a1 e-flex e-con-boxed e-con e-parent\" data-id=\"4ce19a1\" data-element_type=\"container\">\n\t\t\t\t\t<div class=\"e-con-inner\">\n\t\t<div class=\"elementor-element elementor-element-a4e090a e-con-full e-flex e-con e-child\" data-id=\"a4e090a\" data-element_type=\"container\">\n\t\t\t\t<div class=\"elementor-element elementor-element-8684bc0 elementor-widget elementor-widget-text-editor\" data-id=\"8684bc0\" data-element_type=\"widget\" data-widget_type=\"text-editor.default\">\n\t\t\t\t<div class=\"elementor-widget-container\">\n\t\t\t\t\t\t\t\t\t<p style=\"text-align: justify\"><span style=\"font-size: 18pt;color: #000000;font-family: georgia, palatino, serif\">A Universidade Federal do Mato Grosso do Sul (UFMS) atrav\u00e9s da Funda\u00e7\u00e3o de Apoio ao Desenvolvimento do Ensino, Ci\u00eancia e Tecnologia do Estado de Mato Grosso do Sul (FUNDECT), juntamente com a Funda\u00e7\u00e3o de Apoio \u00e0 Pesquisa, ao Ensino e \u00e0 Cultura (FAPEC), a Universidade Federal do Rio de Janeiro (UFRJ), a Escola de M\u00fasica de Votorantim \u201cMaestro Nilson Lombardi (EMV), de S\u00e3o Paulo, o Lar Donato Flores, de Tatu\u00ed, S\u00e3o Paulo, e a Associa\u00e7\u00e3o de M\u00fasica Coral do Esp\u00edrito Santo (CORALES), em parceria com a Nova Associa\u00e7\u00e3o Brasileira de Regentes Corais (ABRACO), apresentam o IV CIMUCI \u2013 Congresso Internacional de M\u00fasica Coral Infantojuvenil, o qual ser\u00e1 realizado nos dias 9, 10, 11 e 12 de outubro de 2024 na Universidade Federal do Mato Grosso do Sul (UFMS).<\/span><\/p><p style=\"text-align: justify\"><span style=\"font-size: 18pt;color: #000000;font-family: georgia, palatino, serif\">\u00a0<\/span><\/p><p style=\"text-align: justify\"><span style=\"font-size: 18pt;color: #000000;font-family: georgia, palatino, serif\">O Evento tem como principais objetivos: incentivar as reflex\u00f5es sobre os caminhos plurais da atividade coral, voltada para o p\u00fablico infantojuvenil; dar a oportunidade de divulga\u00e7\u00e3o de trabalhos e pesquisas que v\u00eam sendo desenvolvidas; ampliar o interc\u00e2mbio entre as diferentes institui\u00e7\u00f5es que desenvolvem trabalhos voltados para esse p\u00fablico, em \u00e2mbito nacional e internacional. Nesta quarta edi\u00e7\u00e3o est\u00e3o previstos confer\u00eancias, mesas redondas, oficinas, workshops, e mostras corais que contar\u00e3o com a presen\u00e7a de destacados profissionais da m\u00fasica coral nacional e internacional, al\u00e9m de rica troca de experi\u00eancias e saberes a partir das apresenta\u00e7\u00f5es de trabalhos cient\u00edficos, resultantes de pesquisas conclu\u00eddas ou em andamento e de relatos de experi\u00eancias de professores, regentes, preparadores vocais, compositores e arranjadores para coros infantojuvenis<i>.\u00a0<\/i><\/span><\/p>\t\t\t\t\t\t\t\t<\/div>\n\t\t\t\t<\/div>\n\t\t\t\t<\/div>\n\t\t\t\t<div class=\"elementor-element elementor-element-e0998d0 elementor-widget elementor-widget-spacer\" data-id=\"e0998d0\" data-element_type=\"widget\" data-widget_type=\"spacer.default\">\n\t\t\t\t<div class=\"elementor-widget-container\">\n\t\t\t\t\t\t\t<div class=\"elementor-spacer\">\n\t\t\t<div class=\"elementor-spacer-inner\"><\/div>\n\t\t<\/div>\n\t\t\t\t\t\t<\/div>\n\t\t\t\t<\/div>\n\t\t<div class=\"elementor-element elementor-element-997472e e-con-full e-flex e-con e-child\" data-id=\"997472e\" data-element_type=\"container\">\n\t\t\t\t<div class=\"elementor-element elementor-element-46d35c1 elementor-widget elementor-widget-image\" data-id=\"46d35c1\" data-element_type=\"widget\" data-widget_type=\"image.default\">\n\t\t\t\t<div class=\"elementor-widget-container\">\n\t\t\t\t\t\t\t\t\t\t\t\t\t\t\t<img decoding=\"async\" width=\"1024\" height=\"1024\" src=\"https:\/\/pciu.ufms.br\/files\/2024\/08\/WhatsApp-Image-2024-08-12-at-10.52.07-1024x1024.jpeg\" class=\"attachment-large size-large wp-image-378\" alt=\"\" srcset=\"https:\/\/pciu.ufms.br\/files\/2024\/08\/WhatsApp-Image-2024-08-12-at-10.52.07-1024x1024.jpeg 1024w, https:\/\/pciu.ufms.br\/files\/2024\/08\/WhatsApp-Image-2024-08-12-at-10.52.07-300x300.jpeg 300w, https:\/\/pciu.ufms.br\/files\/2024\/08\/WhatsApp-Image-2024-08-12-at-10.52.07-150x150.jpeg 150w, https:\/\/pciu.ufms.br\/files\/2024\/08\/WhatsApp-Image-2024-08-12-at-10.52.07-768x768.jpeg 768w, https:\/\/pciu.ufms.br\/files\/2024\/08\/WhatsApp-Image-2024-08-12-at-10.52.07-1536x1536.jpeg 1536w, https:\/\/pciu.ufms.br\/files\/2024\/08\/WhatsApp-Image-2024-08-12-at-10.52.07-320x320.jpeg 320w, https:\/\/pciu.ufms.br\/files\/2024\/08\/WhatsApp-Image-2024-08-12-at-10.52.07.jpeg 1600w\" sizes=\"(max-width: 1024px) 100vw, 1024px\" \/>\t\t\t\t\t\t\t\t\t\t\t\t\t\t\t<\/div>\n\t\t\t\t<\/div>\n\t\t\t\t<div class=\"elementor-element elementor-element-220bdf4 elementor-widget elementor-widget-text-editor\" data-id=\"220bdf4\" data-element_type=\"widget\" data-widget_type=\"text-editor.default\">\n\t\t\t\t<div class=\"elementor-widget-container\">\n\t\t\t\t\t\t\t\t\t<p style=\"text-align: justify\"><span style=\"font-family: georgia, palatino, serif;font-size: 18pt;color: #000000\">O evento ser\u00e1 presencial, com apresenta\u00e7\u00e3o de trabalhos cient\u00edficos transmitidos em plataforma de acesso p\u00fablico (YouTube).\u00a0<\/span><\/p><p style=\"text-align: justify\"><span style=\"font-family: georgia, palatino, serif;font-size: 18pt;color: #000000\">Fica aqui o nosso agradecimento a todos os regentes, palestrantes e debatedores convidados que aceitaram fazer parte desta empreitada, em prol do canto coral e de nossas crian\u00e7as e adolescentes.<\/span><\/p><p style=\"text-align: justify\"><span style=\"font-family: georgia, palatino, serif;font-size: 18pt;color: #000000\">Comiss\u00e3o organizadora\u00a0<\/span><\/p><p style=\"text-align: justify\"><span style=\"font-family: georgia, palatino, serif;color: #000000;font-size: 18pt\">Ana L\u00facia Gaborim, MS\/ Lu\u00eds Gustavo Laureano, SP \/ Maria Jos\u00e9 Chevitarese, RJ \/Paulo Paraguassu, ES<\/span><\/p>\t\t\t\t\t\t\t\t<\/div>\n\t\t\t\t<\/div>\n\t\t\t\t<\/div>\n\t\t\t\t\t<\/div>\n\t\t\t\t<\/div>\n\t\t<div class=\"elementor-element elementor-element-857ee54 e-flex e-con-boxed e-con e-parent\" data-id=\"857ee54\" data-element_type=\"container\">\n\t\t\t\t\t<div class=\"e-con-inner\">\n\t\t\t\t<div class=\"elementor-element elementor-element-421e7a4 elementor-widget elementor-widget-image\" data-id=\"421e7a4\" data-element_type=\"widget\" data-widget_type=\"image.default\">\n\t\t\t\t<div class=\"elementor-widget-container\">\n\t\t\t\t\t\t\t\t\t\t\t\t\t\t\t<img decoding=\"async\" width=\"1024\" height=\"85\" src=\"https:\/\/pciu.ufms.br\/files\/2024\/07\/LOGOS-IV-CIMUCI-1024x85.jpg\" class=\"attachment-large size-large wp-image-243\" alt=\"\" srcset=\"https:\/\/pciu.ufms.br\/files\/2024\/07\/LOGOS-IV-CIMUCI-1024x85.jpg 1024w, https:\/\/pciu.ufms.br\/files\/2024\/07\/LOGOS-IV-CIMUCI-300x25.jpg 300w, https:\/\/pciu.ufms.br\/files\/2024\/07\/LOGOS-IV-CIMUCI-768x64.jpg 768w, https:\/\/pciu.ufms.br\/files\/2024\/07\/LOGOS-IV-CIMUCI-1536x127.jpg 1536w, https:\/\/pciu.ufms.br\/files\/2024\/07\/LOGOS-IV-CIMUCI-2048x170.jpg 2048w, https:\/\/pciu.ufms.br\/files\/2024\/07\/LOGOS-IV-CIMUCI-730x61.jpg 730w\" sizes=\"(max-width: 1024px) 100vw, 1024px\" \/>\t\t\t\t\t\t\t\t\t\t\t\t\t\t\t<\/div>\n\t\t\t\t<\/div>\n\t\t\t\t\t<\/div>\n\t\t\t\t<\/div>\n\t\t<div class=\"elementor-element elementor-element-f0bc52d e-flex e-con-boxed e-con e-parent\" data-id=\"f0bc52d\" data-element_type=\"container\">\n\t\t\t\t\t<div class=\"e-con-inner\">\n\t\t<div class=\"elementor-element elementor-element-c08f965 e-con-full e-flex e-con e-child\" data-id=\"c08f965\" data-element_type=\"container\">\n\t\t\t\t<div class=\"elementor-element elementor-element-f2af5bd elementor-widget elementor-widget-heading\" data-id=\"f2af5bd\" data-element_type=\"widget\" data-widget_type=\"heading.default\">\n\t\t\t\t<div class=\"elementor-widget-container\">\n\t\t\t\t\t<h2 class=\"elementor-heading-title elementor-size-default\">Inscri\u00e7\u00e3o para o coro infantojuvenil do CIMUCI<\/h2>\t\t\t\t<\/div>\n\t\t\t\t<\/div>\n\t\t\t\t<div class=\"elementor-element elementor-element-925b1d0 elementor-widget elementor-widget-button\" data-id=\"925b1d0\" data-element_type=\"widget\" data-widget_type=\"button.default\">\n\t\t\t\t<div class=\"elementor-widget-container\">\n\t\t\t\t\t\t\t\t\t<div class=\"elementor-button-wrapper\">\n\t\t\t\t\t<a class=\"elementor-button elementor-size-sm\" role=\"button\">\n\t\t\t\t\t\t<span class=\"elementor-button-content-wrapper\">\n\t\t\t\t\t\t\t\t\t<span class=\"elementor-button-text\">Clique aqui<\/span>\n\t\t\t\t\t<\/span>\n\t\t\t\t\t<\/a>\n\t\t\t\t<\/div>\n\t\t\t\t\t\t\t\t<\/div>\n\t\t\t\t<\/div>\n\t\t\t\t<\/div>\n\t\t<div class=\"elementor-element elementor-element-0bbdce7 e-con-full e-flex e-con e-child\" data-id=\"0bbdce7\" data-element_type=\"container\">\n\t\t\t\t<div class=\"elementor-element elementor-element-ceed938 elementor-widget elementor-widget-heading\" data-id=\"ceed938\" data-element_type=\"widget\" data-widget_type=\"heading.default\">\n\t\t\t\t<div class=\"elementor-widget-container\">\n\t\t\t\t\t<h2 class=\"elementor-heading-title elementor-size-default\">Incri\u00e7\u00f5es<\/h2>\t\t\t\t<\/div>\n\t\t\t\t<\/div>\n\t\t\t\t<div class=\"elementor-element elementor-element-1882fa3 elementor-widget elementor-widget-button\" data-id=\"1882fa3\" data-element_type=\"widget\" data-widget_type=\"button.default\">\n\t\t\t\t<div class=\"elementor-widget-container\">\n\t\t\t\t\t\t\t\t\t<div class=\"elementor-button-wrapper\">\n\t\t\t\t\t<a class=\"elementor-button elementor-size-sm\" role=\"button\">\n\t\t\t\t\t\t<span class=\"elementor-button-content-wrapper\">\n\t\t\t\t\t\t\t\t\t<span class=\"elementor-button-text\">Clique aqui<\/span>\n\t\t\t\t\t<\/span>\n\t\t\t\t\t<\/a>\n\t\t\t\t<\/div>\n\t\t\t\t\t\t\t\t<\/div>\n\t\t\t\t<\/div>\n\t\t\t\t<\/div>\n\t\t<div class=\"elementor-element elementor-element-02e7039 e-con-full e-flex e-con e-child\" data-id=\"02e7039\" data-element_type=\"container\">\n\t\t\t\t<div class=\"elementor-element elementor-element-dcca3e0 elementor-widget elementor-widget-heading\" data-id=\"dcca3e0\" data-element_type=\"widget\" data-widget_type=\"heading.default\">\n\t\t\t\t<div class=\"elementor-widget-container\">\n\t\t\t\t\t<h2 class=\"elementor-heading-title elementor-size-default\">Lista dos inscritos e selecionados do alojamento<\/h2>\t\t\t\t<\/div>\n\t\t\t\t<\/div>\n\t\t\t\t<div class=\"elementor-element elementor-element-89189db elementor-widget elementor-widget-button\" data-id=\"89189db\" data-element_type=\"widget\" data-widget_type=\"button.default\">\n\t\t\t\t<div class=\"elementor-widget-container\">\n\t\t\t\t\t\t\t\t\t<div class=\"elementor-button-wrapper\">\n\t\t\t\t\t<a class=\"elementor-button elementor-size-sm\" role=\"button\">\n\t\t\t\t\t\t<span class=\"elementor-button-content-wrapper\">\n\t\t\t\t\t\t\t\t\t<span class=\"elementor-button-text\">Clique aqui<\/span>\n\t\t\t\t\t<\/span>\n\t\t\t\t\t<\/a>\n\t\t\t\t<\/div>\n\t\t\t\t\t\t\t\t<\/div>\n\t\t\t\t<\/div>\n\t\t\t\t<\/div>\n\t\t<div class=\"elementor-element elementor-element-c153979 e-con-full e-flex e-con e-child\" data-id=\"c153979\" data-element_type=\"container\">\n\t\t\t\t<\/div>\n\t\t\t\t\t<\/div>\n\t\t\t\t<\/div>\n\t\t\t\t<\/div>\n\t\t","protected":false},"excerpt":{"rendered":"<p>A Universidade Federal do Mato Grosso do Sul (UFMS) atrav\u00e9s da Funda\u00e7\u00e3o de Apoio ao Desenvolvimento do Ensino, Ci\u00eancia e Tecnologia do Estado de Mato Grosso do Sul (FUNDECT), juntamente com a Funda\u00e7\u00e3o de Apoio \u00e0 Pesquisa, ao Ensino e \u00e0 Cultura (FAPEC), a Universidade Federal do Rio de Janeiro (UFRJ), a Escola de M\u00fasica [&hellip;]<\/p>\n","protected":false},"author":995,"featured_media":0,"parent":0,"menu_order":0,"comment_status":"closed","ping_status":"closed","template":"elementor_header_footer","meta":{"footnotes":""},"coauthors":[],"class_list":["post-227","page","type-page","status-publish","hentry"],"_links":{"self":[{"href":"https:\/\/pciu.ufms.br\/en\/wp-json\/wp\/v2\/pages\/227","targetHints":{"allow":["GET"]}}],"collection":[{"href":"https:\/\/pciu.ufms.br\/en\/wp-json\/wp\/v2\/pages"}],"about":[{"href":"https:\/\/pciu.ufms.br\/en\/wp-json\/wp\/v2\/types\/page"}],"author":[{"embeddable":true,"href":"https:\/\/pciu.ufms.br\/en\/wp-json\/wp\/v2\/users\/995"}],"replies":[{"embeddable":true,"href":"https:\/\/pciu.ufms.br\/en\/wp-json\/wp\/v2\/comments?post=227"}],"version-history":[{"count":103,"href":"https:\/\/pciu.ufms.br\/en\/wp-json\/wp\/v2\/pages\/227\/revisions"}],"predecessor-version":[{"id":585,"href":"https:\/\/pciu.ufms.br\/en\/wp-json\/wp\/v2\/pages\/227\/revisions\/585"}],"wp:attachment":[{"href":"https:\/\/pciu.ufms.br\/en\/wp-json\/wp\/v2\/media?parent=227"}],"wp:term":[{"taxonomy":"author","embeddable":true,"href":"https:\/\/pciu.ufms.br\/en\/wp-json\/wp\/v2\/coauthors?post=227"}],"curies":[{"name":"wp","href":"https:\/\/api.w.org\/{rel}","templated":true}]}}