{"id":14,"date":"2017-01-26T21:07:35","date_gmt":"2017-01-26T21:07:35","guid":{"rendered":"http:\/\/pciu.mensae.ufms.br\/?page_id=14"},"modified":"2024-12-23T14:08:55","modified_gmt":"2024-12-23T14:08:55","slug":"sobre","status":"publish","type":"page","link":"https:\/\/pciu.ufms.br\/en\/sobre\/","title":{"rendered":"(Portugu\u00eas do Brasil) Sobre o PCIU!"},"content":{"rendered":"\t\t<div data-elementor-type=\"wp-page\" data-elementor-id=\"14\" class=\"elementor elementor-14\">\n\t\t\t\t<div class=\"elementor-element elementor-element-182ec4b e-flex e-con-boxed e-con e-parent\" data-id=\"182ec4b\" data-element_type=\"container\">\n\t\t\t\t\t<div class=\"e-con-inner\">\n\t\t\t\t<div class=\"elementor-element elementor-element-d13b57e elementor-widget elementor-widget-image\" data-id=\"d13b57e\" data-element_type=\"widget\" data-widget_type=\"image.default\">\n\t\t\t\t<div class=\"elementor-widget-container\">\n\t\t\t\t\t\t\t\t\t\t\t\t\t\t\t<img fetchpriority=\"high\" decoding=\"async\" width=\"1024\" height=\"768\" src=\"https:\/\/pciu.ufms.br\/files\/2024\/08\/WhatsApp-Image-2024-08-12-at-20.29.54-1024x768.jpeg\" class=\"attachment-large size-large wp-image-399\" alt=\"\" srcset=\"https:\/\/pciu.ufms.br\/files\/2024\/08\/WhatsApp-Image-2024-08-12-at-20.29.54-1024x768.jpeg 1024w, https:\/\/pciu.ufms.br\/files\/2024\/08\/WhatsApp-Image-2024-08-12-at-20.29.54-300x225.jpeg 300w, https:\/\/pciu.ufms.br\/files\/2024\/08\/WhatsApp-Image-2024-08-12-at-20.29.54-768x576.jpeg 768w, https:\/\/pciu.ufms.br\/files\/2024\/08\/WhatsApp-Image-2024-08-12-at-20.29.54-1536x1152.jpeg 1536w, https:\/\/pciu.ufms.br\/files\/2024\/08\/WhatsApp-Image-2024-08-12-at-20.29.54-427x320.jpeg 427w, https:\/\/pciu.ufms.br\/files\/2024\/08\/WhatsApp-Image-2024-08-12-at-20.29.54.jpeg 1600w\" sizes=\"(max-width: 1024px) 100vw, 1024px\" \/>\t\t\t\t\t\t\t\t\t\t\t\t\t\t\t<\/div>\n\t\t\t\t<\/div>\n\t\t\t\t<div class=\"elementor-element elementor-element-b8578b2 elementor-widget elementor-widget-text-editor\" data-id=\"b8578b2\" data-element_type=\"widget\" data-widget_type=\"text-editor.default\">\n\t\t\t\t<div class=\"elementor-widget-container\">\n\t\t\t\t\t\t\t\t\t<p style=\"text-align: left\">O PCIU! \u2013 Projeto Coral Infantojuvenil da UFMS e\u0301 uma ac\u0327a\u0303o de extensa\u0303o e pesquisa que traz a proposta de ensinar mu\u0301sica a crianc\u0327as e adolescentes por meio do canto coral. Acade\u0302micos e egressos do curso de Licenciatura em Mu\u0301sica, tamb\u00e9m participam do projeto, atuando como monitores bolsistas, instrumentistas e estagia\u0301rios \u2013 o que os torna mais capacitados para o mercado de trabalho e impulsiona a produc\u0327a\u0303o de novas pesquisas na a\u0301rea. Portanto, o PCIU e\u0301, essencialmente, um trabalho em equipe.<br \/>Nos ensaios realizados semanalmente, ale\u0301m de se trabalhar a te\u0301cnica vocal associada a\u0300 aprendizagem de conteu\u0301dos e compet\u00eancias musicais (como: para\u0302metros sonoros, ritmo, leitura e escrita musical, apreciac\u0327a\u0303o, percepc\u0327a\u0303o, cria\u00e7\u00e3o, improvisac\u0327a\u0303o e interpretac\u0327a\u0303o), sa\u0303o trabalhadas outras a\u0301reas de desenvolvimento cognitivo, motor e psicossocial das crianc\u0327as e adolescentes. Desta forma, a atenc\u0327a\u0303o, a concentrac\u0327a\u0303o, a coordenac\u0327a\u0303o motora, a socializac\u0327a\u0303o, a desinibic\u0327a\u0303o, a autoestima, a linguagem, a comunicac\u0327a\u0303o \u2013 entre outras habilidades extra-musicais \u2013 s\u00e3o desenvolvidas de forma l\u00fadica, juntamente com a express\u00e3o art\u00edstica.<br \/>O projeto se iniciou em agosto de 2013, como parte dos estudos de doutorado desenvolvidos pela regente, Ana Lu\u0301cia Gaborim, na Universidade de Sa\u0303o Paulo. Em 2014, coralistas do PCIU foram convidados para participar do projeto Crianceiras II, com o compositor Ma\u0301rcio de Camillo, gravando quatro faixas do CD. O PCIU j\u00e1 cantou para os compositores Almir Sater, Paulinho Sim\u00f5es e Guilherme Rondon; tem se apresentado publicamente em diversos eventos da UFMS e em parceria com outras instituic\u0327o\u0303es culturais do Estado, como o FETRAN (Festival Estadual de Tra\u0302nsito), realizado na cidade de Bonito; o Festival Prelu\u0301dios, realizado no Teatro Municipal de Dourados; concertos com a Orquestra Sinfo\u0302nica Municipal, Coro de Ca\u0302mara da USP e Banda da Base Ae\u0301rea de Campo Grande. Em 2019, o coro foi convidado para o Festival Internacional de Coros de Maringa\u0301 (PR) e nessa ocasia\u0303o foi convidado para participar do Festival Canta Pueblo em Mendoza, Argentina \u2013 que infelizmente na\u0303o se realizou, por causa da pandemia. Contudo, o trabalho do PCIU na\u0303o foi interrompido durante a pandemia, e ale\u0301m de ensaios virtuais, participou de Festivais de Corais On-line Nacionais \u2013 nos estados do Amazonas, Bahia, Goi\u00e1s, Rio de Janeiro e S\u00e3o Paulo. Em 2023, o PCIU gravou uma das faixas do \u00e1lbum \u201cDia de Festa\u201d, da compositora Thelma Chan, junto a v\u00e1rios coros infantojuvenis brasileiros. Al\u00e9m disso, o PCIU integra desde 2020 o Grande Coro do CIMUCI \u2013 Congresso Internacional de M\u00fasica Coral Infantojuvenil &#8211; e neste ano de 2024 foi regido pelo Maestro Fernando Malvar-Ruiz (EUA) e pelo prof. Iramar Rodrigues (Su\u00ed\u00e7a). Neste mesmo ano, o PCIU estreou uma composi\u00e7\u00e3o de Victor Flusser (compositor brasileiro radicado na Rep\u00fablica Tcheca), a ele dedicada. <br \/>Os resultados de pesquisa realizada no PCIU ja\u0301 foram apresentados em diversos congressos pelo Brasil, sendo refer\u00eancia para pesquisas na \u00e1rea em diversas universidades. Al\u00e9m disso, esses resultados j\u00e1 foram expostos em outros pa\u00edses como a Argentina, Portugal e Finl\u00e2ndia. A experi\u00eancia do PCIU tamb\u00e9m impulsionou a cria\u00e7\u00e3o do projeto Paran\u00e1 Canta, junto \u00e0 Secretaria de Educa\u00e7\u00e3o do Estado do Paran\u00e1, realizando o canto coral em escolas p\u00fablicas.<\/p>\t\t\t\t\t\t\t\t<\/div>\n\t\t\t\t<\/div>\n\t\t\t\t\t<\/div>\n\t\t\t\t<\/div>\n\t\t\t\t<\/div>\n\t\t","protected":false},"excerpt":{"rendered":"<p>O PCIU! \u2013 Projeto Coral Infantojuvenil da UFMS e\u0301 uma ac\u0327a\u0303o de extensa\u0303o e pesquisa que traz a proposta de ensinar mu\u0301sica a crianc\u0327as e adolescentes por meio do canto coral. Acade\u0302micos e egressos do curso de Licenciatura em Mu\u0301sica, tamb\u00e9m participam do projeto, atuando como monitores bolsistas, instrumentistas e estagia\u0301rios \u2013 o que os [&hellip;]<\/p>\n","protected":false},"author":1377,"featured_media":23,"parent":0,"menu_order":0,"comment_status":"closed","ping_status":"closed","template":"","meta":{"footnotes":""},"coauthors":[],"class_list":["post-14","page","type-page","status-publish","has-post-thumbnail","hentry"],"_links":{"self":[{"href":"https:\/\/pciu.ufms.br\/en\/wp-json\/wp\/v2\/pages\/14","targetHints":{"allow":["GET"]}}],"collection":[{"href":"https:\/\/pciu.ufms.br\/en\/wp-json\/wp\/v2\/pages"}],"about":[{"href":"https:\/\/pciu.ufms.br\/en\/wp-json\/wp\/v2\/types\/page"}],"author":[{"embeddable":true,"href":"https:\/\/pciu.ufms.br\/en\/wp-json\/wp\/v2\/users\/1377"}],"replies":[{"embeddable":true,"href":"https:\/\/pciu.ufms.br\/en\/wp-json\/wp\/v2\/comments?post=14"}],"version-history":[{"count":7,"href":"https:\/\/pciu.ufms.br\/en\/wp-json\/wp\/v2\/pages\/14\/revisions"}],"predecessor-version":[{"id":566,"href":"https:\/\/pciu.ufms.br\/en\/wp-json\/wp\/v2\/pages\/14\/revisions\/566"}],"wp:featuredmedia":[{"embeddable":true,"href":"https:\/\/pciu.ufms.br\/en\/wp-json\/wp\/v2\/media\/23"}],"wp:attachment":[{"href":"https:\/\/pciu.ufms.br\/en\/wp-json\/wp\/v2\/media?parent=14"}],"wp:term":[{"taxonomy":"author","embeddable":true,"href":"https:\/\/pciu.ufms.br\/en\/wp-json\/wp\/v2\/coauthors?post=14"}],"curies":[{"name":"wp","href":"https:\/\/api.w.org\/{rel}","templated":true}]}}